{"id":12686,"date":"2024-03-05T18:53:29","date_gmt":"2024-03-05T17:53:29","guid":{"rendered":"https:\/\/arkacatering.com\/serveis\/"},"modified":"2025-09-24T11:13:02","modified_gmt":"2025-09-24T09:13:02","slug":"servicios","status":"publish","type":"page","link":"https:\/\/arkacatering.com\/es\/servicios\/","title":{"rendered":"Servicios"},"content":{"rendered":"\t\t<div data-elementor-type=\"wp-page\" data-elementor-id=\"12686\" class=\"elementor elementor-12686 elementor-11176\">\n\t\t\t\t<div class=\"elementor-element elementor-element-c35ee30 e-flex e-con-boxed wpr-particle-no wpr-jarallax-no wpr-parallax-no wpr-sticky-section-no e-con e-parent\" data-id=\"c35ee30\" data-element_type=\"container\" data-e-type=\"container\" data-settings=\"{&quot;background_background&quot;:&quot;classic&quot;}\">\n\t\t\t\t\t<div class=\"e-con-inner\">\n\t\t<div class=\"elementor-element elementor-element-6b2249f e-con-full e-flex wpr-particle-no wpr-jarallax-no wpr-parallax-no wpr-sticky-section-no e-con e-child\" data-id=\"6b2249f\" data-element_type=\"container\" data-e-type=\"container\">\n\t\t\t\t<div class=\"elementor-element elementor-element-6b9bf8f elementor-widget elementor-widget-image\" data-id=\"6b9bf8f\" data-element_type=\"widget\" data-e-type=\"widget\" data-widget_type=\"image.default\">\n\t\t\t\t<div class=\"elementor-widget-container\">\n\t\t\t\t\t\t\t\t\t\t\t\t\t\t\t<img fetchpriority=\"high\" decoding=\"async\" width=\"2560\" height=\"1704\" src=\"https:\/\/arkacatering.com\/wp-content\/uploads\/2024\/03\/LQN_4092-scaled.jpg\" class=\"attachment-full size-full wp-image-12640\" alt=\"Plats de l&#039;aperitiu\" srcset=\"https:\/\/arkacatering.com\/wp-content\/uploads\/2024\/03\/LQN_4092-scaled.jpg 2560w, https:\/\/arkacatering.com\/wp-content\/uploads\/2024\/03\/LQN_4092-300x200.jpg 300w, https:\/\/arkacatering.com\/wp-content\/uploads\/2024\/03\/LQN_4092-1024x682.jpg 1024w, https:\/\/arkacatering.com\/wp-content\/uploads\/2024\/03\/LQN_4092-768x511.jpg 768w, https:\/\/arkacatering.com\/wp-content\/uploads\/2024\/03\/LQN_4092-1536x1022.jpg 1536w, https:\/\/arkacatering.com\/wp-content\/uploads\/2024\/03\/LQN_4092-2048x1363.jpg 2048w\" sizes=\"(max-width: 2560px) 100vw, 2560px\" \/>\t\t\t\t\t\t\t\t\t\t\t\t\t\t\t<\/div>\n\t\t\t\t<\/div>\n\t\t\t\t<\/div>\n\t\t<div class=\"elementor-element elementor-element-7560e3b e-con-full e-flex wpr-particle-no wpr-jarallax-no wpr-parallax-no wpr-sticky-section-no e-con e-child\" data-id=\"7560e3b\" data-element_type=\"container\" data-e-type=\"container\">\n\t\t\t\t<div class=\"elementor-element elementor-element-5c2d3dd elementor-widget elementor-widget-heading\" data-id=\"5c2d3dd\" data-element_type=\"widget\" data-e-type=\"widget\" data-widget_type=\"heading.default\">\n\t\t\t\t<div class=\"elementor-widget-container\">\n\t\t\t\t\t<h1 class=\"elementor-heading-title elementor-size-default\">\u00a1BIENVENIDOS A ARKA CATERING!<\/h1>\t\t\t\t<\/div>\n\t\t\t\t<\/div>\n\t\t\t\t<div class=\"elementor-element elementor-element-0c15fa4 poket-star-rating--align-center elementor-widget elementor-widget-witr_section_title\" data-id=\"0c15fa4\" data-element_type=\"widget\" data-e-type=\"widget\" data-widget_type=\"witr_section_title.default\">\n\t\t\t\t<div class=\"elementor-widget-container\">\n\t\t\t\t\t\t\t\t\t\t<!-- title left -->\n\t\t\t\t\t<div class=\"witr_section_title\">\n\t\t\t\t\t\t<div class=\"witr_section_title_inner text-left\">\n\t\t\t\t\t\t\n\t\t\t\t\t\t\t<!-- icon position -->\n\t\t\t\t\t\t\t\t\n\t\t\t\t\t\t\t<!-- end icon position -->\n\t\t\t\t\t\t\n\t\t\t\t\t\t\n\t\t\t\t\t\t\t<!-- title top -->\n\t\t\t\t\t\t\t\n\t\t\t\t\t\t\t<!-- icon position -->\n\t\t\t\t\t\t\t\t\n\t\t\t\t\t\t\t<!-- end icon position -->\n\n\t\t\t\t\t\t\t\n\t\t\t\t\t\t\t<!-- title middle -->\n\t\t\t\t\t\t\t\t\t\t\t\t\t\t\t<h3>\n<\/h3>\t\t\n\t\t\t\t\t\t\t\t\t\t\t\t\t\t<!-- title bottom -->\n\t\t\t\t\t\t\t\t\t\t\t\t\t\t\n\t\t\t\t\t\t\t<!-- icon position -->\n\t\t\t\t\t\t\t\t\t\t\t\t\t\t\n\t\t\t\t\t\t\t<!-- image -->\n\t\t\t\t\t\t\t\t\t\t\t\t\t\t<!-- icon -->\n\t\t\t\t\t\t\t\t\t\t\t\t\t\t\n\t\t\t\t\t\t\t<!-- bar -->\n\t\t\t\t\t\t\t\t\t\t\t\t\t\t<!-- circle bar -->\n\t\t\t\t\t\t\t\t\t\t\t\t\t\t\n\t\t\t\t\t\t\t\t\n\t\t\t\t\t\t\t<!-- end icon position -->\n\n\t\t\t\t\t\t\t<!-- content -->\n\t\t\t\t\t\t\t\t\t\t\t\t\t\t\t<p>Somos Jordi Arum\u00ed, Aina Su\u00e1rez y Albert Reniu, y nuestro compromiso es hacer que vuestros eventos, de cualquier tama\u00f1o, sean inolvidables. En Arka Catering, nos trasladaremos donde dese\u00e9is, llevando propuestas gastron\u00f3micas que se ajustan perfectamente a vuestras necesidades. No dud\u00e9is en contactarnos para descubrir nuestras ofertas y exquisitos men\u00fas. A partir de una primera cita, trabajaremos codo a codo con vosotros para personalizar cada detalle seg\u00fan vuestra visi\u00f3n para vuestras celebraciones.\n<br><br>\nPara garantizar que vuestro d\u00eda especial est\u00e9 libre de preocupaciones, no solo ofrecemos servicios de cocina excepcionales, sino que tambi\u00e9n nos ocupamos de todos los detalles necesarios: desde los materiales para los adornos hasta los montajes y la organizaci\u00f3n integral del evento.\n\n <\/p>\t\t\n\t\t\t\t\t\t\t\t\t\t\t\t\t<\/div>\n\t\t\t\t\t\t\t<!-- inner title -->\n\t\t\t\t\t\t\t\t\t\t\t\t\t\n\t\t\t\t\t<\/div>\t\t\t\t\n\t\t\t\t\t\t\t\t<\/div>\n\t\t\t\t<\/div>\n\t\t\t\t<\/div>\n\t\t\t\t\t<\/div>\n\t\t\t\t<\/div>\n\t\t<div class=\"elementor-element elementor-element-beb1866 e-flex e-con-boxed wpr-particle-no wpr-jarallax-no wpr-parallax-no wpr-sticky-section-no e-con e-parent\" data-id=\"beb1866\" data-element_type=\"container\" data-e-type=\"container\" data-settings=\"{&quot;background_background&quot;:&quot;classic&quot;}\">\n\t\t\t\t\t<div class=\"e-con-inner\">\n\t\t<div class=\"elementor-element elementor-element-d99a610 e-con-full e-flex wpr-particle-no wpr-jarallax-no wpr-parallax-no wpr-sticky-section-no e-con e-child\" data-id=\"d99a610\" data-element_type=\"container\" data-e-type=\"container\">\n\t\t\t\t<div class=\"elementor-element elementor-element-6959141 elementor-widget elementor-widget-witr_section_service\" data-id=\"6959141\" data-element_type=\"widget\" data-e-type=\"widget\" data-widget_type=\"witr_section_service.default\">\n\t\t\t\t<div class=\"elementor-widget-container\">\n\t\t\t\t\t\t\t\n\t\t\t<div class=\"service-item all_color_service  text-center  \">\n\t\t\t\t<div class=\"service_top_image\">\n\t\t\t\t\t<!-- image -->\n\t\t\t\t\t\t\t\t\n\t\t\t\t<\/div>\n\t\t\t\t<div class=\"text_box all_icon_color\">\n\t\t\t\t\t<!-- icon -->\n\t\t\t\t\t\t\t\t\t\t<!-- custom icon -->\n\t\t\t\t\t\t\t\t\t\n\t\t\t\t\t<!-- image -->\n\t\t\t\t\t<img decoding=\"async\" width=\"1024\" height=\"682\" src=\"https:\/\/arkacatering.com\/wp-content\/uploads\/2024\/09\/Co\u0300pia-de-19-LQN_3884-scaled-1-1024x682.jpg\" class=\"attachment-large size-large wp-image-13209\" alt=\"catering plato\" srcset=\"https:\/\/arkacatering.com\/wp-content\/uploads\/2024\/09\/Co\u0300pia-de-19-LQN_3884-scaled-1-1024x682.jpg 1024w, https:\/\/arkacatering.com\/wp-content\/uploads\/2024\/09\/Co\u0300pia-de-19-LQN_3884-scaled-1-300x200.jpg 300w, https:\/\/arkacatering.com\/wp-content\/uploads\/2024\/09\/Co\u0300pia-de-19-LQN_3884-scaled-1-768x511.jpg 768w, https:\/\/arkacatering.com\/wp-content\/uploads\/2024\/09\/Co\u0300pia-de-19-LQN_3884-scaled-1-1536x1022.jpg 1536w, https:\/\/arkacatering.com\/wp-content\/uploads\/2024\/09\/Co\u0300pia-de-19-LQN_3884-scaled-1-2048x1363.jpg 2048w\" sizes=\"(max-width: 1024px) 100vw, 1024px\" \/>\t\n\t\t\t\t\t<!-- title -->\n\t\t\t\t\t\t\t\t\t\t \n\t\t\t\t\t\t<h3><a href=\"https:\/\/arkacatering.com\/es\/servicios\/bodas\/\">BODAS<\/a><\/h3>\n\t\t\t\t\t\t\t\t\t\t\t\t\t\t\t<!-- content -->\n\t\t\t\t\t\t\t\t\t\t\t<p>Te lo ponemos f\u00e1cil!\n<br><br> <\/p>\t\t\n\t\t\t\t\t\t\t\t\t\t<!-- button -->\n\t\t\t\t\t\t\t\t\t\t\t<div class=\"service-btn\">\n\t\t\t\t\t\t<a href=\"https:\/\/arkacatering.com\/es\/servicios\/bodas\/\">Ver\t\t\t\t\t\t\t\t\n\t\t\t\t\t\t<\/a>\n\t\t\t\t\t\t<\/div>\n\t\t\t\t\t\t\t\t\t\n\t\t\t\t<\/div> <!-- text_box -->\t\t\t\t\t\t\t\n\t\t\t<\/div> <!-- service item -->\t\t\t\t\t\t\t\n \t\t\t\t\t\t<\/div>\n\t\t\t\t<\/div>\n\t\t\t\t<\/div>\n\t\t<div class=\"elementor-element elementor-element-280bbd3 e-con-full e-flex wpr-particle-no wpr-jarallax-no wpr-parallax-no wpr-sticky-section-no e-con e-child\" data-id=\"280bbd3\" data-element_type=\"container\" data-e-type=\"container\">\n\t\t\t\t<div class=\"elementor-element elementor-element-d55e8d2 elementor-widget elementor-widget-witr_section_service\" data-id=\"d55e8d2\" data-element_type=\"widget\" data-e-type=\"widget\" data-widget_type=\"witr_section_service.default\">\n\t\t\t\t<div class=\"elementor-widget-container\">\n\t\t\t\t\t\t\t\n\t\t\t<div class=\"service-item all_color_service  text-center  \">\n\t\t\t\t<div class=\"service_top_image\">\n\t\t\t\t\t<!-- image -->\n\t\t\t\t\t\t\t\t\n\t\t\t\t<\/div>\n\t\t\t\t<div class=\"text_box all_icon_color\">\n\t\t\t\t\t<!-- icon -->\n\t\t\t\t\t\t\t\t\t\t<!-- custom icon -->\n\t\t\t\t\t\t\t\t\t\n\t\t\t\t\t<!-- image -->\n\t\t\t\t\t<img decoding=\"async\" width=\"1024\" height=\"682\" src=\"https:\/\/arkacatering.com\/wp-content\/uploads\/2024\/09\/LQN_4092-scaled-1-1024x682.jpg\" class=\"attachment-large size-large wp-image-13213\" alt=\"catering comida\" srcset=\"https:\/\/arkacatering.com\/wp-content\/uploads\/2024\/09\/LQN_4092-scaled-1-1024x682.jpg 1024w, https:\/\/arkacatering.com\/wp-content\/uploads\/2024\/09\/LQN_4092-scaled-1-300x200.jpg 300w, https:\/\/arkacatering.com\/wp-content\/uploads\/2024\/09\/LQN_4092-scaled-1-768x511.jpg 768w, https:\/\/arkacatering.com\/wp-content\/uploads\/2024\/09\/LQN_4092-scaled-1-1536x1022.jpg 1536w, https:\/\/arkacatering.com\/wp-content\/uploads\/2024\/09\/LQN_4092-scaled-1-2048x1363.jpg 2048w\" sizes=\"(max-width: 1024px) 100vw, 1024px\" \/>\t\n\t\t\t\t\t<!-- title -->\n\t\t\t\t\t\t\t\t\t\t \n\t\t\t\t\t\t<h3><a href=\"https:\/\/arkacatering.com\/es\/servicios\/empresas\/\">EMPRESAS<\/a><\/h3>\n\t\t\t\t\t\t\t\t\t\t\t\t\t\t\t<!-- content -->\n\t\t\t\t\t\t\t\t\t\t\t<p>Te traemos el restaurante a tu empresa.\n<br><br> <\/p>\t\t\n\t\t\t\t\t\t\t\t\t\t<!-- button -->\n\t\t\t\t\t\t\t\t\t\t\t<div class=\"service-btn\">\n\t\t\t\t\t\t<a href=\"https:\/\/arkacatering.com\/es\/servicios\/empresas\/\">Ver\t\t\t\t\t\t\t\t\n\t\t\t\t\t\t<\/a>\n\t\t\t\t\t\t<\/div>\n\t\t\t\t\t\t\t\t\t\n\t\t\t\t<\/div> <!-- text_box -->\t\t\t\t\t\t\t\n\t\t\t<\/div> <!-- service item -->\t\t\t\t\t\t\t\n \t\t\t\t\t\t<\/div>\n\t\t\t\t<\/div>\n\t\t\t\t<\/div>\n\t\t<div class=\"elementor-element elementor-element-3790df5 e-con-full e-flex wpr-particle-no wpr-jarallax-no wpr-parallax-no wpr-sticky-section-no e-con e-child\" data-id=\"3790df5\" data-element_type=\"container\" data-e-type=\"container\">\n\t\t\t\t<div class=\"elementor-element elementor-element-a4a0898 elementor-widget elementor-widget-witr_section_service\" data-id=\"a4a0898\" data-element_type=\"widget\" data-e-type=\"widget\" data-widget_type=\"witr_section_service.default\">\n\t\t\t\t<div class=\"elementor-widget-container\">\n\t\t\t\t\t\t\t\n\t\t\t<div class=\"service-item all_color_service  text-center  \">\n\t\t\t\t<div class=\"service_top_image\">\n\t\t\t\t\t<!-- image -->\n\t\t\t\t\t\t\t\t\n\t\t\t\t<\/div>\n\t\t\t\t<div class=\"text_box all_icon_color\">\n\t\t\t\t\t<!-- icon -->\n\t\t\t\t\t\t\t\t\t\t<!-- custom icon -->\n\t\t\t\t\t\t\t\t\t\n\t\t\t\t\t<!-- image -->\n\t\t\t\t\t<img loading=\"lazy\" decoding=\"async\" width=\"1024\" height=\"682\" src=\"https:\/\/arkacatering.com\/wp-content\/uploads\/2024\/09\/LQN_4115-scaled-1-1024x682.jpg\" class=\"attachment-large size-large wp-image-13237\" alt=\"catering Catalu\u00f1a\" srcset=\"https:\/\/arkacatering.com\/wp-content\/uploads\/2024\/09\/LQN_4115-scaled-1-1024x682.jpg 1024w, https:\/\/arkacatering.com\/wp-content\/uploads\/2024\/09\/LQN_4115-scaled-1-300x200.jpg 300w, https:\/\/arkacatering.com\/wp-content\/uploads\/2024\/09\/LQN_4115-scaled-1-768x511.jpg 768w, https:\/\/arkacatering.com\/wp-content\/uploads\/2024\/09\/LQN_4115-scaled-1-1536x1022.jpg 1536w, https:\/\/arkacatering.com\/wp-content\/uploads\/2024\/09\/LQN_4115-scaled-1-2048x1363.jpg 2048w\" sizes=\"(max-width: 1024px) 100vw, 1024px\" \/>\t\n\t\t\t\t\t<!-- title -->\n\t\t\t\t\t\t\t\t\t\t \n\t\t\t\t\t\t<h3><a href=\"https:\/\/arkacatering.com\/es\/servicios\/comedor-privado\/\">COMEDOR PRIVADO<\/a><\/h3>\n\t\t\t\t\t\t\t\t\t\t\t\t\t\t\t<!-- content -->\n\t\t\t\t\t\t\t\t\t\t\t<p>Ideal para celebraciones familiares o empresariales\n <\/p>\t\t\n\t\t\t\t\t\t\t\t\t\t<!-- button -->\n\t\t\t\t\t\t\t\t\t\t\t<div class=\"service-btn\">\n\t\t\t\t\t\t<a href=\"https:\/\/arkacatering.com\/es\/servicios\/comedor-privado\/\">Ver\t\t\t\t\t\t\t\t\n\t\t\t\t\t\t<\/a>\n\t\t\t\t\t\t<\/div>\n\t\t\t\t\t\t\t\t\t\n\t\t\t\t<\/div> <!-- text_box -->\t\t\t\t\t\t\t\n\t\t\t<\/div> <!-- service item -->\t\t\t\t\t\t\t\n \t\t\t\t\t\t<\/div>\n\t\t\t\t<\/div>\n\t\t\t\t<\/div>\n\t\t\t\t\t<\/div>\n\t\t\t\t<\/div>\n\t\t\t\t<\/div>\n\t\t","protected":false},"excerpt":{"rendered":"<p>\u00a1BIENVENIDOS A ARKA CATERING! Somos Jordi Arum\u00ed, Aina Su\u00e1rez y Albert Reniu, y nuestro compromiso es hacer que vuestros eventos, de cualquier tama\u00f1o, sean inolvidables. En Arka Catering, nos trasladaremos donde dese\u00e9is, llevando propuestas gastron\u00f3micas que se ajustan perfectamente a vuestras necesidades. No dud\u00e9is en contactarnos para descubrir nuestras ofertas y exquisitos men\u00fas. A partir de una primera cita, trabajaremos codo a codo con vosotros para personalizar cada detalle seg\u00fan vuestra visi\u00f3n para vuestras celebraciones. Para garantizar que vuestro d\u00eda especial est\u00e9 libre de preocupaciones, no solo ofrecemos servicios de cocina excepcionales, sino que tambi\u00e9n nos ocupamos de todos los detalles necesarios: desde los materiales para los adornos hasta los montajes y la organizaci\u00f3n integral del evento. BODAS Te lo ponemos f\u00e1cil! Ver EMPRESAS Te traemos el restaurante a tu empresa. Ver COMEDOR PRIVADO Ideal para celebraciones familiares o empresariales Ver<\/p>\n","protected":false},"author":1,"featured_media":0,"parent":0,"menu_order":0,"comment_status":"closed","ping_status":"closed","template":"template-home.php","meta":{"footnotes":""},"class_list":["post-12686","page","type-page","status-publish","hentry"],"yoast_head":"<!-- This site is optimized with the Yoast SEO plugin v27.0 - https:\/\/yoast.com\/product\/yoast-seo-wordpress\/ -->\n<title>Empresa de catering para eventos y empresas. Barcelona y Osona<\/title>\n<meta name=\"description\" content=\"Empresa de catering para eventos y empresas. Barcelona y Osona y Catalu\u00f1a en general. Todo tipo de eventos\" \/>\n<meta name=\"robots\" content=\"index, follow, max-snippet:-1, max-image-preview:large, max-video-preview:-1\" \/>\n<link rel=\"canonical\" href=\"https:\/\/arkacatering.com\/serveis\/\" \/>\n<meta property=\"og:locale\" content=\"es_ES\" \/>\n<meta property=\"og:type\" content=\"article\" \/>\n<meta property=\"og:title\" content=\"Empresa de catering para eventos y empresas. Barcelona y Osona\" \/>\n<meta property=\"og:description\" content=\"Empresa de catering para eventos y empresas. Barcelona y Osona y Catalu\u00f1a en general. Todo tipo de eventos\" \/>\n<meta property=\"og:url\" content=\"https:\/\/arkacatering.com\/serveis\/\" \/>\n<meta property=\"og:site_name\" content=\"Arka Catering\" \/>\n<meta property=\"article:publisher\" content=\"https:\/\/www.facebook.com\/restaurantarka\" \/>\n<meta property=\"article:modified_time\" content=\"2025-09-24T09:13:02+00:00\" \/>\n<meta property=\"og:image\" content=\"https:\/\/arkacatering.com\/wp-content\/uploads\/2024\/03\/LQN_4092-scaled.jpg\" \/>\n<meta name=\"twitter:card\" content=\"summary_large_image\" \/>\n<meta name=\"twitter:label1\" content=\"Tiempo de lectura\" \/>\n\t<meta name=\"twitter:data1\" content=\"2 minutos\" \/>\n<script type=\"application\/ld+json\" class=\"yoast-schema-graph\">{\"@context\":\"https:\/\/schema.org\",\"@graph\":[{\"@type\":\"WebPage\",\"@id\":\"https:\/\/arkacatering.com\/serveis\/\",\"url\":\"https:\/\/arkacatering.com\/serveis\/\",\"name\":\"Empresa de catering para eventos y empresas. Barcelona y Osona\",\"isPartOf\":{\"@id\":\"https:\/\/arkacatering.com\/#website\"},\"primaryImageOfPage\":{\"@id\":\"https:\/\/arkacatering.com\/serveis\/#primaryimage\"},\"image\":{\"@id\":\"https:\/\/arkacatering.com\/serveis\/#primaryimage\"},\"thumbnailUrl\":\"https:\/\/arkacatering.com\/wp-content\/uploads\/2024\/03\/LQN_4092-scaled.jpg\",\"datePublished\":\"2024-03-05T17:53:29+00:00\",\"dateModified\":\"2025-09-24T09:13:02+00:00\",\"description\":\"Empresa de catering para eventos y empresas. Barcelona y Osona y Catalu\u00f1a en general. Todo tipo de eventos\",\"breadcrumb\":{\"@id\":\"https:\/\/arkacatering.com\/serveis\/#breadcrumb\"},\"inLanguage\":\"es\",\"potentialAction\":[{\"@type\":\"ReadAction\",\"target\":[\"https:\/\/arkacatering.com\/serveis\/\"]}]},{\"@type\":\"ImageObject\",\"inLanguage\":\"es\",\"@id\":\"https:\/\/arkacatering.com\/serveis\/#primaryimage\",\"url\":\"https:\/\/arkacatering.com\/wp-content\/uploads\/2024\/03\/LQN_4092-scaled.jpg\",\"contentUrl\":\"https:\/\/arkacatering.com\/wp-content\/uploads\/2024\/03\/LQN_4092-scaled.jpg\"},{\"@type\":\"BreadcrumbList\",\"@id\":\"https:\/\/arkacatering.com\/serveis\/#breadcrumb\",\"itemListElement\":[{\"@type\":\"ListItem\",\"position\":1,\"name\":\"Inici\",\"item\":\"https:\/\/arkacatering.com\/es\/\"},{\"@type\":\"ListItem\",\"position\":2,\"name\":\"Servicios\"}]},{\"@type\":\"WebSite\",\"@id\":\"https:\/\/arkacatering.com\/#website\",\"url\":\"https:\/\/arkacatering.com\/\",\"name\":\"Arka Catering\",\"description\":\"\",\"publisher\":{\"@id\":\"https:\/\/arkacatering.com\/#organization\"},\"potentialAction\":[{\"@type\":\"SearchAction\",\"target\":{\"@type\":\"EntryPoint\",\"urlTemplate\":\"https:\/\/arkacatering.com\/?s={search_term_string}\"},\"query-input\":{\"@type\":\"PropertyValueSpecification\",\"valueRequired\":true,\"valueName\":\"search_term_string\"}}],\"inLanguage\":\"es\"},{\"@type\":\"Organization\",\"@id\":\"https:\/\/arkacatering.com\/#organization\",\"name\":\"Arka Catering\",\"url\":\"https:\/\/arkacatering.com\/\",\"logo\":{\"@type\":\"ImageObject\",\"inLanguage\":\"es\",\"@id\":\"https:\/\/arkacatering.com\/#\/schema\/logo\/image\/\",\"url\":\"https:\/\/arkacatering.com\/wp-content\/uploads\/2024\/03\/cropped-logo.png\",\"contentUrl\":\"https:\/\/arkacatering.com\/wp-content\/uploads\/2024\/03\/cropped-logo.png\",\"width\":512,\"height\":512,\"caption\":\"Arka Catering\"},\"image\":{\"@id\":\"https:\/\/arkacatering.com\/#\/schema\/logo\/image\/\"},\"sameAs\":[\"https:\/\/www.facebook.com\/restaurantarka\",\"https:\/\/www.instagram.com\/arkaserveidecatering\/\"]}]}<\/script>\n<!-- \/ Yoast SEO plugin. -->","yoast_head_json":{"title":"Empresa de catering para eventos y empresas. Barcelona y Osona","description":"Empresa de catering para eventos y empresas. Barcelona y Osona y Catalu\u00f1a en general. Todo tipo de eventos","robots":{"index":"index","follow":"follow","max-snippet":"max-snippet:-1","max-image-preview":"max-image-preview:large","max-video-preview":"max-video-preview:-1"},"canonical":"https:\/\/arkacatering.com\/serveis\/","og_locale":"es_ES","og_type":"article","og_title":"Empresa de catering para eventos y empresas. Barcelona y Osona","og_description":"Empresa de catering para eventos y empresas. Barcelona y Osona y Catalu\u00f1a en general. Todo tipo de eventos","og_url":"https:\/\/arkacatering.com\/serveis\/","og_site_name":"Arka Catering","article_publisher":"https:\/\/www.facebook.com\/restaurantarka","article_modified_time":"2025-09-24T09:13:02+00:00","og_image":[{"url":"https:\/\/arkacatering.com\/wp-content\/uploads\/2024\/03\/LQN_4092-scaled.jpg","type":"","width":"","height":""}],"twitter_card":"summary_large_image","twitter_misc":{"Tiempo de lectura":"2 minutos"},"schema":{"@context":"https:\/\/schema.org","@graph":[{"@type":"WebPage","@id":"https:\/\/arkacatering.com\/serveis\/","url":"https:\/\/arkacatering.com\/serveis\/","name":"Empresa de catering para eventos y empresas. Barcelona y Osona","isPartOf":{"@id":"https:\/\/arkacatering.com\/#website"},"primaryImageOfPage":{"@id":"https:\/\/arkacatering.com\/serveis\/#primaryimage"},"image":{"@id":"https:\/\/arkacatering.com\/serveis\/#primaryimage"},"thumbnailUrl":"https:\/\/arkacatering.com\/wp-content\/uploads\/2024\/03\/LQN_4092-scaled.jpg","datePublished":"2024-03-05T17:53:29+00:00","dateModified":"2025-09-24T09:13:02+00:00","description":"Empresa de catering para eventos y empresas. Barcelona y Osona y Catalu\u00f1a en general. Todo tipo de eventos","breadcrumb":{"@id":"https:\/\/arkacatering.com\/serveis\/#breadcrumb"},"inLanguage":"es","potentialAction":[{"@type":"ReadAction","target":["https:\/\/arkacatering.com\/serveis\/"]}]},{"@type":"ImageObject","inLanguage":"es","@id":"https:\/\/arkacatering.com\/serveis\/#primaryimage","url":"https:\/\/arkacatering.com\/wp-content\/uploads\/2024\/03\/LQN_4092-scaled.jpg","contentUrl":"https:\/\/arkacatering.com\/wp-content\/uploads\/2024\/03\/LQN_4092-scaled.jpg"},{"@type":"BreadcrumbList","@id":"https:\/\/arkacatering.com\/serveis\/#breadcrumb","itemListElement":[{"@type":"ListItem","position":1,"name":"Inici","item":"https:\/\/arkacatering.com\/es\/"},{"@type":"ListItem","position":2,"name":"Servicios"}]},{"@type":"WebSite","@id":"https:\/\/arkacatering.com\/#website","url":"https:\/\/arkacatering.com\/","name":"Arka Catering","description":"","publisher":{"@id":"https:\/\/arkacatering.com\/#organization"},"potentialAction":[{"@type":"SearchAction","target":{"@type":"EntryPoint","urlTemplate":"https:\/\/arkacatering.com\/?s={search_term_string}"},"query-input":{"@type":"PropertyValueSpecification","valueRequired":true,"valueName":"search_term_string"}}],"inLanguage":"es"},{"@type":"Organization","@id":"https:\/\/arkacatering.com\/#organization","name":"Arka Catering","url":"https:\/\/arkacatering.com\/","logo":{"@type":"ImageObject","inLanguage":"es","@id":"https:\/\/arkacatering.com\/#\/schema\/logo\/image\/","url":"https:\/\/arkacatering.com\/wp-content\/uploads\/2024\/03\/cropped-logo.png","contentUrl":"https:\/\/arkacatering.com\/wp-content\/uploads\/2024\/03\/cropped-logo.png","width":512,"height":512,"caption":"Arka Catering"},"image":{"@id":"https:\/\/arkacatering.com\/#\/schema\/logo\/image\/"},"sameAs":["https:\/\/www.facebook.com\/restaurantarka","https:\/\/www.instagram.com\/arkaserveidecatering\/"]}]}},"_links":{"self":[{"href":"https:\/\/arkacatering.com\/es\/wp-json\/wp\/v2\/pages\/12686","targetHints":{"allow":["GET"]}}],"collection":[{"href":"https:\/\/arkacatering.com\/es\/wp-json\/wp\/v2\/pages"}],"about":[{"href":"https:\/\/arkacatering.com\/es\/wp-json\/wp\/v2\/types\/page"}],"author":[{"embeddable":true,"href":"https:\/\/arkacatering.com\/es\/wp-json\/wp\/v2\/users\/1"}],"replies":[{"embeddable":true,"href":"https:\/\/arkacatering.com\/es\/wp-json\/wp\/v2\/comments?post=12686"}],"version-history":[{"count":26,"href":"https:\/\/arkacatering.com\/es\/wp-json\/wp\/v2\/pages\/12686\/revisions"}],"predecessor-version":[{"id":14023,"href":"https:\/\/arkacatering.com\/es\/wp-json\/wp\/v2\/pages\/12686\/revisions\/14023"}],"wp:attachment":[{"href":"https:\/\/arkacatering.com\/es\/wp-json\/wp\/v2\/media?parent=12686"}],"curies":[{"name":"wp","href":"https:\/\/api.w.org\/{rel}","templated":true}]}}