{"id":12694,"date":"2024-03-05T19:51:03","date_gmt":"2024-03-05T18:51:03","guid":{"rendered":"https:\/\/arkacatering.com\/contacta\/"},"modified":"2026-05-11T10:35:22","modified_gmt":"2026-05-11T08:35:22","slug":"contacto","status":"publish","type":"page","link":"https:\/\/arkacatering.com\/es\/contacto\/","title":{"rendered":"Contacto"},"content":{"rendered":"\t\t<div data-elementor-type=\"wp-page\" data-elementor-id=\"12694\" class=\"elementor elementor-12694 elementor-11246\">\n\t\t\t\t\t\t<section class=\"elementor-section elementor-top-section elementor-element elementor-element-d58ee94 elementor-section-boxed elementor-section-height-default elementor-section-height-default wpr-particle-no wpr-jarallax-no wpr-parallax-no wpr-sticky-section-no\" data-id=\"d58ee94\" data-element_type=\"section\" data-e-type=\"section\" data-settings=\"{&quot;background_background&quot;:&quot;classic&quot;}\">\n\t\t\t\t\t\t<div class=\"elementor-container elementor-column-gap-default\">\n\t\t\t\t\t<div class=\"elementor-column elementor-col-100 elementor-top-column elementor-element elementor-element-998ce1f\" data-id=\"998ce1f\" data-element_type=\"column\" data-e-type=\"column\">\n\t\t\t<div class=\"elementor-widget-wrap elementor-element-populated\">\n\t\t\t\t\t\t<div class=\"elementor-element elementor-element-1713a0d elementor-widget elementor-widget-heading\" data-id=\"1713a0d\" data-element_type=\"widget\" data-e-type=\"widget\" data-widget_type=\"heading.default\">\n\t\t\t\t<div class=\"elementor-widget-container\">\n\t\t\t\t\t<h1 class=\"elementor-heading-title elementor-size-default\">No lo pienses m\u00e1s. Ponte en contacto con nosotros y juntos vamos a crear un d\u00eda excepcional, tu d\u00eda.\u00a0<\/h1>\t\t\t\t<\/div>\n\t\t\t\t<\/div>\n\t\t<div class=\"elementor-element elementor-element-213a2aa e-con-full e-flex wpr-particle-no wpr-jarallax-no wpr-parallax-no wpr-sticky-section-no e-con e-parent\" data-id=\"213a2aa\" data-element_type=\"container\" data-e-type=\"container\">\n\t\t\t\t<div class=\"elementor-element elementor-element-6a78062 elementor-widget elementor-widget-image\" data-id=\"6a78062\" data-element_type=\"widget\" data-e-type=\"widget\" data-widget_type=\"image.default\">\n\t\t\t\t<div class=\"elementor-widget-container\">\n\t\t\t\t\t\t\t\t\t\t\t\t\t\t\t<img fetchpriority=\"high\" decoding=\"async\" width=\"2560\" height=\"1704\" src=\"https:\/\/arkacatering.com\/wp-content\/uploads\/2024\/03\/Co\u0300pia-de-19-LQN_3884-scaled.jpg\" class=\"attachment-full size-full wp-image-12666\" alt=\"Taula amb coberts i men\u00fa\" srcset=\"https:\/\/arkacatering.com\/wp-content\/uploads\/2024\/03\/Co\u0300pia-de-19-LQN_3884-scaled.jpg 2560w, https:\/\/arkacatering.com\/wp-content\/uploads\/2024\/03\/Co\u0300pia-de-19-LQN_3884-300x200.jpg 300w, https:\/\/arkacatering.com\/wp-content\/uploads\/2024\/03\/Co\u0300pia-de-19-LQN_3884-1024x682.jpg 1024w, https:\/\/arkacatering.com\/wp-content\/uploads\/2024\/03\/Co\u0300pia-de-19-LQN_3884-768x511.jpg 768w, https:\/\/arkacatering.com\/wp-content\/uploads\/2024\/03\/Co\u0300pia-de-19-LQN_3884-1536x1022.jpg 1536w, https:\/\/arkacatering.com\/wp-content\/uploads\/2024\/03\/Co\u0300pia-de-19-LQN_3884-2048x1363.jpg 2048w\" sizes=\"(max-width: 2560px) 100vw, 2560px\" \/>\t\t\t\t\t\t\t\t\t\t\t\t\t\t\t<\/div>\n\t\t\t\t<\/div>\n\t\t\t\t<\/div>\n\t\t\t\t\t<\/div>\n\t\t<\/div>\n\t\t\t\t\t<\/div>\n\t\t<\/section>\n\t\t<div class=\"elementor-element elementor-element-c35ee30 e-flex e-con-boxed wpr-particle-no wpr-jarallax-no wpr-parallax-no wpr-sticky-section-no e-con e-parent\" data-id=\"c35ee30\" data-element_type=\"container\" data-e-type=\"container\" data-settings=\"{&quot;background_background&quot;:&quot;classic&quot;}\">\n\t\t\t\t\t<div class=\"e-con-inner\">\n\t\t<div class=\"elementor-element elementor-element-6b2249f e-con-full e-flex wpr-particle-no wpr-jarallax-no wpr-parallax-no wpr-sticky-section-no e-con e-child\" data-id=\"6b2249f\" data-element_type=\"container\" data-e-type=\"container\">\n\t\t\t\t<div class=\"elementor-element elementor-element-562ea78 elementor-widget elementor-widget-heading\" data-id=\"562ea78\" data-element_type=\"widget\" data-e-type=\"widget\" data-widget_type=\"heading.default\">\n\t\t\t\t<div class=\"elementor-widget-container\">\n\t\t\t\t\t<h2 class=\"elementor-heading-title elementor-size-default\">Rellena el Formulario con tu consulta <\/h2>\t\t\t\t<\/div>\n\t\t\t\t<\/div>\n\t\t\t\t<div class=\"elementor-element elementor-element-dc183bf poket-star-rating--align-center elementor-widget elementor-widget-witr_section_apartment\" data-id=\"dc183bf\" data-element_type=\"widget\" data-e-type=\"widget\" data-widget_type=\"witr_section_apartment.default\">\n\t\t\t\t<div class=\"elementor-widget-container\">\n\t\t\t\t\t\n\t\t\t\t\t<div class=\"apartment_area\">\t\t\t\t\n\t\t\t\t\t\t<div class=\"apartment_text\">\t\t\n\t\t\t\t\t\t\t<!-- title -->\n\t\t\t\t\t\t\t\t\t\n\t\t\t\t\t\t\t<!-- content -->\n\t\t\t\t\t\t\t\t\t\t\t\t\t\t\n\t\t\t\t\t\t<\/div>\t\t\n\t\t\t\t\t\t<div class=\"witr_apartment_form\">\t\t\t\t\t\n\t\t\t\t\t\t\n<div class=\"wpcf7 no-js\" id=\"wpcf7-f12953-o1\" lang=\"es-ES\" dir=\"ltr\" data-wpcf7-id=\"12953\">\n<div class=\"screen-reader-response\"><p role=\"status\" aria-live=\"polite\" aria-atomic=\"true\"><\/p> <ul><\/ul><\/div>\n<form action=\"\/es\/wp-json\/wp\/v2\/pages\/12694#wpcf7-f12953-o1\" method=\"post\" class=\"wpcf7-form init\" aria-label=\"Formulario de contacto\" novalidate=\"novalidate\" data-status=\"init\">\n<fieldset class=\"hidden-fields-container\"><input type=\"hidden\" name=\"_wpcf7\" value=\"12953\" \/><input type=\"hidden\" name=\"_wpcf7_version\" value=\"6.1.5\" \/><input type=\"hidden\" name=\"_wpcf7_locale\" value=\"es_ES\" \/><input type=\"hidden\" name=\"_wpcf7_unit_tag\" value=\"wpcf7-f12953-o1\" \/><input type=\"hidden\" name=\"_wpcf7_container_post\" value=\"0\" \/><input type=\"hidden\" name=\"_wpcf7_posted_data_hash\" value=\"\" \/><input type=\"hidden\" name=\"_wpcf7_recaptcha_response\" value=\"\" \/>\n<\/fieldset>\n<p><label><br \/>\n<span class=\"wpcf7-form-control-wrap\" data-name=\"your-name\"><input size=\"40\" maxlength=\"400\" class=\"wpcf7-form-control wpcf7-text wpcf7-validates-as-required\" aria-required=\"true\" aria-invalid=\"false\" placeholder=\"Nombre\" value=\"\" type=\"text\" name=\"your-name\" \/><\/span> <\/label>\n<\/p>\n<p><label><br \/>\n<span class=\"wpcf7-form-control-wrap\" data-name=\"your-email\"><input size=\"40\" maxlength=\"400\" class=\"wpcf7-form-control wpcf7-email wpcf7-validates-as-required wpcf7-text wpcf7-validates-as-email\" aria-required=\"true\" aria-invalid=\"false\" placeholder=\"Email\" value=\"\" type=\"email\" name=\"your-email\" \/><\/span> <\/label>\n<\/p>\n<p><label><br \/>\n<span class=\"wpcf7-form-control-wrap\" data-name=\"tel-678\"><input size=\"40\" maxlength=\"400\" class=\"wpcf7-form-control wpcf7-tel wpcf7-validates-as-required wpcf7-text wpcf7-validates-as-tel\" aria-required=\"true\" aria-invalid=\"false\" placeholder=\"Tel\u00e9fono\" value=\"\" type=\"tel\" name=\"tel-678\" \/><\/span> <\/label>\n<\/p>\n<p><label><br \/>\n<span class=\"wpcf7-form-control-wrap\" data-name=\"your-message\"><textarea cols=\"40\" rows=\"10\" maxlength=\"2000\" class=\"wpcf7-form-control wpcf7-textarea wpcf7-validates-as-required\" aria-required=\"true\" aria-invalid=\"false\" placeholder=\"Mensaje\" name=\"your-message\"><\/textarea><\/span> <\/label>\n<\/p>\n<p><span class=\"wpcf7-form-control-wrap\" data-name=\"acceptance-67\"><span class=\"wpcf7-form-control wpcf7-acceptance\"><span class=\"wpcf7-list-item\"><label><input type=\"checkbox\" name=\"acceptance-67\" value=\"1\" class=\"acceptance\" aria-invalid=\"false\" \/><span class=\"wpcf7-list-item-label\">He le\u00eddo y acepto la <a href=\"https:\/\/arkacatering.com\/es\/politica-de-privacidad\/\">pol\u00edtica de privacidad*.<\/a><\/span><\/label><\/span><\/span><\/span>\n<\/p>\n<p><button type=\"submit\" class=\"btn btn-secondary\">ENVIAR<\/button>\n<\/p><p style=\"display: none !important;\" class=\"akismet-fields-container\" data-prefix=\"_wpcf7_ak_\"><label>&#916;<textarea name=\"_wpcf7_ak_hp_textarea\" cols=\"45\" rows=\"8\" maxlength=\"100\"><\/textarea><\/label><input type=\"hidden\" id=\"ak_js_1\" name=\"_wpcf7_ak_js\" value=\"89\"\/><script>document.getElementById( \"ak_js_1\" ).setAttribute( \"value\", ( new Date() ).getTime() );<\/script><\/p><div class=\"wpcf7-response-output\" aria-hidden=\"true\"><\/div>\n<\/form>\n<\/div>\n\t\t\t\t\t\t\t\t\n\t\t\t\t\t\t<\/div>\n\t\t\t\t\t<\/div>\t\t\t\t\t\n\t\t\n\t\t\t\t\t\t<\/div>\n\t\t\t\t<\/div>\n\t\t\t\t<\/div>\n\t\t\t\t\t<\/div>\n\t\t\t\t<\/div>\n\t\t<div class=\"elementor-element elementor-element-a059985 e-flex e-con-boxed wpr-particle-no wpr-jarallax-no wpr-parallax-no wpr-sticky-section-no e-con e-parent\" data-id=\"a059985\" data-element_type=\"container\" data-e-type=\"container\" data-settings=\"{&quot;background_background&quot;:&quot;classic&quot;}\">\n\t\t\t\t\t<div class=\"e-con-inner\">\n\t\t\t\t<div class=\"elementor-element elementor-element-0938e94 poket-star-rating--align-center elementor-widget elementor-widget-witr_section_btns\" data-id=\"0938e94\" data-element_type=\"widget\" data-e-type=\"widget\" data-widget_type=\"witr_section_btns.default\">\n\t\t\t\t<div class=\"elementor-widget-container\">\n\t\t\t\t\t\t\t<!-- area -->\n\t\t<div class=\"witr_classic_button_area\">\n\t\t\t<!-- btn default style -->\n\t\t\t<div class=\"witr_btn_style mr tx_op\">\n\t\t\t\t<div class=\"witr_btn_sinner\">\t\n\t\t\t\t\t\t\t\t\t\t\t\t\n\t\t\t\t\t\t\t\t\t\t\t<a href=\"https:\/\/www.eatseasy.cat\/\" target=\"_blank\" class=\"witr_btn\">Visita tambi\u00e9n nuestra web de Eat's easy\t\t\t\t\t\t<\/a>\n\t\t\t\t\t\t\t\t\t\t\t\t\n\t\t\t\t<\/div>\t\t\t\t\t\t\n\t\t\t<\/div>\n\t\t\t<!-- btn default style -->\n\t\t\t<div class=\"witr_btn_style mr  btn_none tx_cl\">\n\t\t\t\t<div class=\"witr_btn_sinner\">\t\n\t\t\t\t\t\t\t\t\t\t\t<a href=\"#\" class=\"witr_bbtn\">Try For Free\t\t\t\t\t\t\t<span class=\"btn_c\">\n\t\t\t\t\t\t\t\t<!-- icon -->\n\t\t\t\t\t\t\t\t\t\t\t\t\t\t\t\t<!-- custom icon -->\n\t\t\t\t\t\t\t\t\t\n\t\t\t\t\t\t\t\t\t<i class=\"icofont-brand-apple\"><\/i>\n\t\t\t\t\t\t\t\t\t\t\t\t\t\t\t\t<!-- image -->\n\t\t\t\t\t\t\t\t\t\t\t\t\t\t\t\t\n\t\t\t\t\t\t\t<\/span>\t\t\t\t\t\t\t\t\t\n\t\t\t\t\t\t<\/a>\n\t\t\t\t\t\t\t\t\t\t\t\t\t\t\t\t<a href=\"#\" class=\"witr_btn\">Apple Classic\t\t\t\t\t\t<\/a>\n\t\t\t\t\t\t\t\t\t\t\t\t\n\t\t\t\t<\/div>\t\t\t\t\t\t\n\t\t\t<\/div>\n\t\t\t\n\t\t\t\t\n\t\t<\/div>\n\t\t<!-- end area -->\n\t\n\t\t\n\t\t\n  \n\n\t\t\t\t\t<script type='text\/javascript'>\r\n\t\t\t\tjQuery(function($){\r\n\t\t\t\t\/* classic Button *\/\r\n\t\t\t\t$(\".btn_w\").addClass('a_active');\r\n\t\t\t\t\r\n\t\t\t\tvar emsmenu1 = $(\".btn_c\");\r\n\t\t\t\tvar emscmenu2 = $(\".tx_op\");\r\n\t\t\t\tvar emsinner2 = $(\".tx_cl\");\r\n\t\t\t\temsmenu1.on('click', function() {\r\n\t\t\t\t\temsinner2.addClass('btn_block');\r\n\t\t\t\t\temscmenu2.addClass('btn_none');\r\n\t\t\t\t\t$(\".btn_w\").removeClass('a_active');\t\t\r\n\t\t\t\t\t$(\".btn_c\").addClass('a_active');\t\t\r\n\t\t\t\t\t$(this).addClass('a_active');\t\t\r\n\t\t\t\t});\r\n\t\t\t\t\r\n\t\t\t\tvar emsmenu1 = $(\".btn_w\");\r\n\t\t\t\tvar emscmenu2 = $(\".tx_op\");\r\n\t\t\t\tvar emsinner2 = $(\".tx_cl\");\r\n\t\t\t\temsmenu1.on('click', function() {\r\n\t\t\t\t\temscmenu2.removeClass('btn_none');\r\n\t\t\t\t\temsinner2.removeClass('btn_block');\r\n\t\t\t\t\t$(\".btn_c\").removeClass('a_active');\r\n\t\t\t\t\t$(\".btn_w\").addClass('a_active');\r\n\t\t\t\t\t$(this).addClass('a_active');\r\n\t\t\t\t});\t\r\n\t\t\t});\r\n\t\t\t<\/script>\t\t\t\t<\/div>\n\t\t\t\t<\/div>\n\t\t\t\t\t<\/div>\n\t\t\t\t<\/div>\n\t\t\t\t<\/div>\n\t\t","protected":false},"excerpt":{"rendered":"<p>No lo pienses m\u00e1s. Ponte en contacto con nosotros y juntos vamos a crear un d\u00eda excepcional, tu d\u00eda.\u00a0 Rellena el Formulario con tu consulta He le\u00eddo y acepto la pol\u00edtica de privacidad*. ENVIAR Visita tambi\u00e9n nuestra web de Eat&#8217;s easy Try For Free Apple Classic<\/p>\n","protected":false},"author":1,"featured_media":0,"parent":0,"menu_order":0,"comment_status":"closed","ping_status":"closed","template":"template-home.php","meta":{"footnotes":""},"class_list":["post-12694","page","type-page","status-publish","hentry"],"yoast_head":"<!-- This site is optimized with the Yoast SEO plugin v27.0 - https:\/\/yoast.com\/product\/yoast-seo-wordpress\/ -->\n<title>Catering para Eventos en Barcelona | Empresas y Celebraciones<\/title>\n<meta name=\"description\" content=\"Sorprende a tus invitados con un catering exclusivo en Barcelona. Creamos experiencias gastron\u00f3micas \u00fanicas para empresas, bodas y eventos privados.\" \/>\n<meta name=\"robots\" content=\"index, follow, max-snippet:-1, max-image-preview:large, max-video-preview:-1\" \/>\n<link rel=\"canonical\" href=\"https:\/\/arkacatering.com\/es\/contacto\/\" \/>\n<meta property=\"og:locale\" content=\"es_ES\" \/>\n<meta property=\"og:type\" content=\"article\" \/>\n<meta property=\"og:title\" content=\"Catering para Eventos en Barcelona | Empresas y Celebraciones\" \/>\n<meta property=\"og:description\" content=\"Sorprende a tus invitados con un catering exclusivo en Barcelona. Creamos experiencias gastron\u00f3micas \u00fanicas para empresas, bodas y eventos privados.\" \/>\n<meta property=\"og:url\" content=\"https:\/\/arkacatering.com\/es\/contacto\/\" \/>\n<meta property=\"og:site_name\" content=\"Arka Catering\" \/>\n<meta property=\"article:publisher\" content=\"https:\/\/www.facebook.com\/restaurantarka\" \/>\n<meta property=\"article:modified_time\" content=\"2026-05-11T08:35:22+00:00\" \/>\n<meta name=\"twitter:card\" content=\"summary_large_image\" \/>\n<meta name=\"twitter:label1\" content=\"Tiempo de lectura\" \/>\n\t<meta name=\"twitter:data1\" content=\"1 minuto\" \/>\n<script type=\"application\/ld+json\" class=\"yoast-schema-graph\">{\"@context\":\"https:\/\/schema.org\",\"@graph\":[{\"@type\":\"WebPage\",\"@id\":\"https:\/\/arkacatering.com\/es\/contacto\/\",\"url\":\"https:\/\/arkacatering.com\/es\/contacto\/\",\"name\":\"Catering para Eventos en Barcelona | Empresas y Celebraciones\",\"isPartOf\":{\"@id\":\"https:\/\/arkacatering.com\/#website\"},\"datePublished\":\"2024-03-05T18:51:03+00:00\",\"dateModified\":\"2026-05-11T08:35:22+00:00\",\"description\":\"Sorprende a tus invitados con un catering exclusivo en Barcelona. Creamos experiencias gastron\u00f3micas \u00fanicas para empresas, bodas y eventos privados.\",\"breadcrumb\":{\"@id\":\"https:\/\/arkacatering.com\/es\/contacto\/#breadcrumb\"},\"inLanguage\":\"es\",\"potentialAction\":[{\"@type\":\"ReadAction\",\"target\":[\"https:\/\/arkacatering.com\/es\/contacto\/\"]}]},{\"@type\":\"BreadcrumbList\",\"@id\":\"https:\/\/arkacatering.com\/es\/contacto\/#breadcrumb\",\"itemListElement\":[{\"@type\":\"ListItem\",\"position\":1,\"name\":\"Inici\",\"item\":\"https:\/\/arkacatering.com\/es\/\"},{\"@type\":\"ListItem\",\"position\":2,\"name\":\"Contacto\"}]},{\"@type\":\"WebSite\",\"@id\":\"https:\/\/arkacatering.com\/#website\",\"url\":\"https:\/\/arkacatering.com\/\",\"name\":\"Arka Catering\",\"description\":\"\",\"publisher\":{\"@id\":\"https:\/\/arkacatering.com\/#organization\"},\"potentialAction\":[{\"@type\":\"SearchAction\",\"target\":{\"@type\":\"EntryPoint\",\"urlTemplate\":\"https:\/\/arkacatering.com\/?s={search_term_string}\"},\"query-input\":{\"@type\":\"PropertyValueSpecification\",\"valueRequired\":true,\"valueName\":\"search_term_string\"}}],\"inLanguage\":\"es\"},{\"@type\":\"Organization\",\"@id\":\"https:\/\/arkacatering.com\/#organization\",\"name\":\"Arka Catering\",\"url\":\"https:\/\/arkacatering.com\/\",\"logo\":{\"@type\":\"ImageObject\",\"inLanguage\":\"es\",\"@id\":\"https:\/\/arkacatering.com\/#\/schema\/logo\/image\/\",\"url\":\"https:\/\/arkacatering.com\/wp-content\/uploads\/2024\/03\/cropped-logo.png\",\"contentUrl\":\"https:\/\/arkacatering.com\/wp-content\/uploads\/2024\/03\/cropped-logo.png\",\"width\":512,\"height\":512,\"caption\":\"Arka Catering\"},\"image\":{\"@id\":\"https:\/\/arkacatering.com\/#\/schema\/logo\/image\/\"},\"sameAs\":[\"https:\/\/www.facebook.com\/restaurantarka\",\"https:\/\/www.instagram.com\/arkaserveidecatering\/\"]}]}<\/script>\n<!-- \/ Yoast SEO plugin. -->","yoast_head_json":{"title":"Catering para Eventos en Barcelona | Empresas y Celebraciones","description":"Sorprende a tus invitados con un catering exclusivo en Barcelona. Creamos experiencias gastron\u00f3micas \u00fanicas para empresas, bodas y eventos privados.","robots":{"index":"index","follow":"follow","max-snippet":"max-snippet:-1","max-image-preview":"max-image-preview:large","max-video-preview":"max-video-preview:-1"},"canonical":"https:\/\/arkacatering.com\/es\/contacto\/","og_locale":"es_ES","og_type":"article","og_title":"Catering para Eventos en Barcelona | Empresas y Celebraciones","og_description":"Sorprende a tus invitados con un catering exclusivo en Barcelona. Creamos experiencias gastron\u00f3micas \u00fanicas para empresas, bodas y eventos privados.","og_url":"https:\/\/arkacatering.com\/es\/contacto\/","og_site_name":"Arka Catering","article_publisher":"https:\/\/www.facebook.com\/restaurantarka","article_modified_time":"2026-05-11T08:35:22+00:00","twitter_card":"summary_large_image","twitter_misc":{"Tiempo de lectura":"1 minuto"},"schema":{"@context":"https:\/\/schema.org","@graph":[{"@type":"WebPage","@id":"https:\/\/arkacatering.com\/es\/contacto\/","url":"https:\/\/arkacatering.com\/es\/contacto\/","name":"Catering para Eventos en Barcelona | Empresas y Celebraciones","isPartOf":{"@id":"https:\/\/arkacatering.com\/#website"},"datePublished":"2024-03-05T18:51:03+00:00","dateModified":"2026-05-11T08:35:22+00:00","description":"Sorprende a tus invitados con un catering exclusivo en Barcelona. Creamos experiencias gastron\u00f3micas \u00fanicas para empresas, bodas y eventos privados.","breadcrumb":{"@id":"https:\/\/arkacatering.com\/es\/contacto\/#breadcrumb"},"inLanguage":"es","potentialAction":[{"@type":"ReadAction","target":["https:\/\/arkacatering.com\/es\/contacto\/"]}]},{"@type":"BreadcrumbList","@id":"https:\/\/arkacatering.com\/es\/contacto\/#breadcrumb","itemListElement":[{"@type":"ListItem","position":1,"name":"Inici","item":"https:\/\/arkacatering.com\/es\/"},{"@type":"ListItem","position":2,"name":"Contacto"}]},{"@type":"WebSite","@id":"https:\/\/arkacatering.com\/#website","url":"https:\/\/arkacatering.com\/","name":"Arka Catering","description":"","publisher":{"@id":"https:\/\/arkacatering.com\/#organization"},"potentialAction":[{"@type":"SearchAction","target":{"@type":"EntryPoint","urlTemplate":"https:\/\/arkacatering.com\/?s={search_term_string}"},"query-input":{"@type":"PropertyValueSpecification","valueRequired":true,"valueName":"search_term_string"}}],"inLanguage":"es"},{"@type":"Organization","@id":"https:\/\/arkacatering.com\/#organization","name":"Arka Catering","url":"https:\/\/arkacatering.com\/","logo":{"@type":"ImageObject","inLanguage":"es","@id":"https:\/\/arkacatering.com\/#\/schema\/logo\/image\/","url":"https:\/\/arkacatering.com\/wp-content\/uploads\/2024\/03\/cropped-logo.png","contentUrl":"https:\/\/arkacatering.com\/wp-content\/uploads\/2024\/03\/cropped-logo.png","width":512,"height":512,"caption":"Arka Catering"},"image":{"@id":"https:\/\/arkacatering.com\/#\/schema\/logo\/image\/"},"sameAs":["https:\/\/www.facebook.com\/restaurantarka","https:\/\/www.instagram.com\/arkaserveidecatering\/"]}]}},"_links":{"self":[{"href":"https:\/\/arkacatering.com\/es\/wp-json\/wp\/v2\/pages\/12694","targetHints":{"allow":["GET"]}}],"collection":[{"href":"https:\/\/arkacatering.com\/es\/wp-json\/wp\/v2\/pages"}],"about":[{"href":"https:\/\/arkacatering.com\/es\/wp-json\/wp\/v2\/types\/page"}],"author":[{"embeddable":true,"href":"https:\/\/arkacatering.com\/es\/wp-json\/wp\/v2\/users\/1"}],"replies":[{"embeddable":true,"href":"https:\/\/arkacatering.com\/es\/wp-json\/wp\/v2\/comments?post=12694"}],"version-history":[{"count":22,"href":"https:\/\/arkacatering.com\/es\/wp-json\/wp\/v2\/pages\/12694\/revisions"}],"predecessor-version":[{"id":13093,"href":"https:\/\/arkacatering.com\/es\/wp-json\/wp\/v2\/pages\/12694\/revisions\/13093"}],"wp:attachment":[{"href":"https:\/\/arkacatering.com\/es\/wp-json\/wp\/v2\/media?parent=12694"}],"curies":[{"name":"wp","href":"https:\/\/api.w.org\/{rel}","templated":true}]}}