{"id":13262,"date":"2024-09-18T11:26:15","date_gmt":"2024-09-18T09:26:15","guid":{"rendered":"https:\/\/arkacatering.com\/servicios\/menjador-privat\/"},"modified":"2025-11-27T11:46:02","modified_gmt":"2025-11-27T10:46:02","slug":"comedor-privado","status":"publish","type":"page","link":"https:\/\/arkacatering.com\/es\/servicios\/comedor-privado\/","title":{"rendered":"Comedor privado\u00a0"},"content":{"rendered":"\t\t<div data-elementor-type=\"wp-page\" data-elementor-id=\"13262\" class=\"elementor elementor-13262 elementor-13165\">\n\t\t\t\t<div class=\"elementor-element elementor-element-c35ee30 e-flex e-con-boxed wpr-particle-no wpr-jarallax-no wpr-parallax-no wpr-sticky-section-no e-con e-parent\" data-id=\"c35ee30\" data-element_type=\"container\" data-e-type=\"container\" data-settings=\"{&quot;background_background&quot;:&quot;classic&quot;}\">\n\t\t\t\t\t<div class=\"e-con-inner\">\n\t\t<div class=\"elementor-element elementor-element-6b2249f e-con-full e-flex wpr-particle-no wpr-jarallax-no wpr-parallax-no wpr-sticky-section-no e-con e-child\" data-id=\"6b2249f\" data-element_type=\"container\" data-e-type=\"container\">\n\t\t\t\t<div class=\"elementor-element elementor-element-6b9bf8f elementor-widget elementor-widget-image\" data-id=\"6b9bf8f\" data-element_type=\"widget\" data-e-type=\"widget\" data-widget_type=\"image.default\">\n\t\t\t\t<div class=\"elementor-widget-container\">\n\t\t\t\t\t\t\t\t\t\t\t\t\t\t\t<img fetchpriority=\"high\" decoding=\"async\" width=\"2560\" height=\"1704\" src=\"https:\/\/arkacatering.com\/wp-content\/uploads\/2024\/09\/5-Menjador-privat-scaled.jpg\" class=\"attachment-full size-full wp-image-13125\" alt=\"C\u00e0tering i esdeveniments Barcelona\" srcset=\"https:\/\/arkacatering.com\/wp-content\/uploads\/2024\/09\/5-Menjador-privat-scaled.jpg 2560w, https:\/\/arkacatering.com\/wp-content\/uploads\/2024\/09\/5-Menjador-privat-300x200.jpg 300w, https:\/\/arkacatering.com\/wp-content\/uploads\/2024\/09\/5-Menjador-privat-1024x682.jpg 1024w, https:\/\/arkacatering.com\/wp-content\/uploads\/2024\/09\/5-Menjador-privat-768x511.jpg 768w, https:\/\/arkacatering.com\/wp-content\/uploads\/2024\/09\/5-Menjador-privat-1536x1022.jpg 1536w, https:\/\/arkacatering.com\/wp-content\/uploads\/2024\/09\/5-Menjador-privat-2048x1363.jpg 2048w\" sizes=\"(max-width: 2560px) 100vw, 2560px\" \/>\t\t\t\t\t\t\t\t\t\t\t\t\t\t\t<\/div>\n\t\t\t\t<\/div>\n\t\t\t\t<\/div>\n\t\t<div class=\"elementor-element elementor-element-7560e3b e-con-full e-flex wpr-particle-no wpr-jarallax-no wpr-parallax-no wpr-sticky-section-no e-con e-child\" data-id=\"7560e3b\" data-element_type=\"container\" data-e-type=\"container\">\n\t\t\t\t<div class=\"elementor-element elementor-element-88d688f elementor-widget elementor-widget-heading\" data-id=\"88d688f\" data-element_type=\"widget\" data-e-type=\"widget\" data-widget_type=\"heading.default\">\n\t\t\t\t<div class=\"elementor-widget-container\">\n\t\t\t\t\t<h1 class=\"elementor-heading-title elementor-size-default\">IDEAL PARA CELEBRACIONES FAMILIARES O EMPRESARIALES<\/h1>\t\t\t\t<\/div>\n\t\t\t\t<\/div>\n\t\t\t\t<div class=\"elementor-element elementor-element-0c15fa4 poket-star-rating--align-center elementor-widget elementor-widget-witr_section_title\" data-id=\"0c15fa4\" data-element_type=\"widget\" data-e-type=\"widget\" data-widget_type=\"witr_section_title.default\">\n\t\t\t\t<div class=\"elementor-widget-container\">\n\t\t\t\t\t\t\t\t\t\t<!-- title left -->\n\t\t\t\t\t<div class=\"witr_section_title\">\n\t\t\t\t\t\t<div class=\"witr_section_title_inner text-left\">\n\t\t\t\t\t\t\n\t\t\t\t\t\t\t<!-- icon position -->\n\t\t\t\t\t\t\t\t\n\t\t\t\t\t\t\t<!-- end icon position -->\n\t\t\t\t\t\t\n\t\t\t\t\t\t\n\t\t\t\t\t\t\t<!-- title top -->\n\t\t\t\t\t\t\t\n\t\t\t\t\t\t\t<!-- icon position -->\n\t\t\t\t\t\t\t\t\n\t\t\t\t\t\t\t<!-- end icon position -->\n\n\t\t\t\t\t\t\t\n\t\t\t\t\t\t\t<!-- title middle -->\n\t\t\t\t\t\t\t\t\t\t\t\t\t\t<!-- title bottom -->\n\t\t\t\t\t\t\t\t\t\t\t\t\t\t\n\t\t\t\t\t\t\t<!-- icon position -->\n\t\t\t\t\t\t\t\t\t\t\t\t\t\t\n\t\t\t\t\t\t\t<!-- image -->\n\t\t\t\t\t\t\t\t\t\t\t\t\t\t<!-- icon -->\n\t\t\t\t\t\t\t\t\t\t\t\t\t\t\n\t\t\t\t\t\t\t<!-- bar -->\n\t\t\t\t\t\t\t\t\t\t\t\t\t\t<!-- circle bar -->\n\t\t\t\t\t\t\t\t\t\t\t\t\t\t\n\t\t\t\t\t\t\t\t\n\t\t\t\t\t\t\t<!-- end icon position -->\n\n\t\t\t\t\t\t\t<!-- content -->\n\t\t\t\t\t\t\t\t\t\t\t\t\t\t\t<p>Disponemos de un espacio exclusivo en Santa Eug\u00e8nia de Berga, ideal para celebraciones familiares o empresariales. Este sitio le ofrece privacidad total, convirti\u00e9ndose en un espacio \u00fanicamente para usted. No dude en consultar su disponibilidad as\u00ed como en nuestros men\u00fas degustaci\u00f3n, que reflejan la cocina de Jordi Arum\u00ed, basada en productos de temporada y de la mejor calidad. <\/p>\t\t\n\t\t\t\t\t\t\t\t\t\t\t\t\t<\/div>\n\t\t\t\t\t\t\t<!-- inner title -->\n\t\t\t\t\t\t\t\t\t\t\t\t\t\n\t\t\t\t\t<\/div>\t\t\t\t\n\t\t\t\t\t\t\t\t<\/div>\n\t\t\t\t<\/div>\n\t\t\t\t<div class=\"elementor-element elementor-element-5c86c28 elementor-widget elementor-widget-button\" data-id=\"5c86c28\" data-element_type=\"widget\" data-e-type=\"widget\" data-widget_type=\"button.default\">\n\t\t\t\t<div class=\"elementor-widget-container\">\n\t\t\t\t\t\t\t\t\t<div class=\"elementor-button-wrapper\">\n\t\t\t\t\t<a class=\"elementor-button elementor-button-link elementor-size-sm\" href=\"https:\/\/arkacatering.com\/es\/contacto\/\">\n\t\t\t\t\t\t<span class=\"elementor-button-content-wrapper\">\n\t\t\t\t\t\t\t\t\t<span class=\"elementor-button-text\">M\u00e1s Informaci\u00f3n<\/span>\n\t\t\t\t\t<\/span>\n\t\t\t\t\t<\/a>\n\t\t\t\t<\/div>\n\t\t\t\t\t\t\t\t<\/div>\n\t\t\t\t<\/div>\n\t\t\t\t<\/div>\n\t\t\t\t\t<\/div>\n\t\t\t\t<\/div>\n\t\t\t\t<\/div>\n\t\t","protected":false},"excerpt":{"rendered":"<p>IDEAL PARA CELEBRACIONES FAMILIARES O EMPRESARIALES Disponemos de un espacio exclusivo en Santa Eug\u00e8nia de Berga, ideal para celebraciones familiares o empresariales. Este sitio le ofrece privacidad total, convirti\u00e9ndose en un espacio \u00fanicamente para usted. No dude en consultar su disponibilidad as\u00ed como en nuestros men\u00fas degustaci\u00f3n, que reflejan la cocina de Jordi Arum\u00ed, basada en productos de temporada y de la mejor calidad. M\u00e1s Informaci\u00f3n<\/p>\n","protected":false},"author":1,"featured_media":0,"parent":12686,"menu_order":0,"comment_status":"closed","ping_status":"closed","template":"template-home.php","meta":{"footnotes":""},"class_list":["post-13262","page","type-page","status-publish","hentry"],"yoast_head":"<!-- This site is optimized with the Yoast SEO plugin v27.0 - https:\/\/yoast.com\/product\/yoast-seo-wordpress\/ -->\n<title>Catering para Eventos en nuestro comedor privado<\/title>\n<meta name=\"description\" content=\"Conoce nuestro comedor privado exclusivo con servicio de catering para eventos en Barcelona. Celebraciones \u00edntimas con gastronom\u00eda de alto nivel.\" \/>\n<meta name=\"robots\" content=\"index, follow, max-snippet:-1, max-image-preview:large, max-video-preview:-1\" \/>\n<link rel=\"canonical\" href=\"https:\/\/arkacatering.com\/es\/servicios\/comedor-privado\/\" \/>\n<meta property=\"og:locale\" content=\"es_ES\" \/>\n<meta property=\"og:type\" content=\"article\" \/>\n<meta property=\"og:title\" content=\"Catering para Eventos en nuestro comedor privado\" \/>\n<meta property=\"og:description\" content=\"Conoce nuestro comedor privado exclusivo con servicio de catering para eventos en Barcelona. Celebraciones \u00edntimas con gastronom\u00eda de alto nivel.\" \/>\n<meta property=\"og:url\" content=\"https:\/\/arkacatering.com\/es\/servicios\/comedor-privado\/\" \/>\n<meta property=\"og:site_name\" content=\"Arka Catering\" \/>\n<meta property=\"article:publisher\" content=\"https:\/\/www.facebook.com\/restaurantarka\" \/>\n<meta property=\"article:modified_time\" content=\"2025-11-27T10:46:02+00:00\" \/>\n<meta property=\"og:image\" content=\"https:\/\/arkacatering.com\/wp-content\/uploads\/2024\/09\/5-Menjador-privat-scaled.jpg\" \/>\n<meta name=\"twitter:card\" content=\"summary_large_image\" \/>\n<meta name=\"twitter:label1\" content=\"Tiempo de lectura\" \/>\n\t<meta name=\"twitter:data1\" content=\"1 minuto\" \/>\n<script type=\"application\/ld+json\" class=\"yoast-schema-graph\">{\"@context\":\"https:\/\/schema.org\",\"@graph\":[{\"@type\":\"WebPage\",\"@id\":\"https:\/\/arkacatering.com\/es\/servicios\/comedor-privado\/\",\"url\":\"https:\/\/arkacatering.com\/es\/servicios\/comedor-privado\/\",\"name\":\"Catering para Eventos en nuestro comedor privado\",\"isPartOf\":{\"@id\":\"https:\/\/arkacatering.com\/#website\"},\"primaryImageOfPage\":{\"@id\":\"https:\/\/arkacatering.com\/es\/servicios\/comedor-privado\/#primaryimage\"},\"image\":{\"@id\":\"https:\/\/arkacatering.com\/es\/servicios\/comedor-privado\/#primaryimage\"},\"thumbnailUrl\":\"https:\/\/arkacatering.com\/wp-content\/uploads\/2024\/09\/5-Menjador-privat-scaled.jpg\",\"datePublished\":\"2024-09-18T09:26:15+00:00\",\"dateModified\":\"2025-11-27T10:46:02+00:00\",\"description\":\"Conoce nuestro comedor privado exclusivo con servicio de catering para eventos en Barcelona. Celebraciones \u00edntimas con gastronom\u00eda de alto nivel.\",\"breadcrumb\":{\"@id\":\"https:\/\/arkacatering.com\/es\/servicios\/comedor-privado\/#breadcrumb\"},\"inLanguage\":\"es\",\"potentialAction\":[{\"@type\":\"ReadAction\",\"target\":[\"https:\/\/arkacatering.com\/es\/servicios\/comedor-privado\/\"]}]},{\"@type\":\"ImageObject\",\"inLanguage\":\"es\",\"@id\":\"https:\/\/arkacatering.com\/es\/servicios\/comedor-privado\/#primaryimage\",\"url\":\"https:\/\/arkacatering.com\/wp-content\/uploads\/2024\/09\/5-Menjador-privat-scaled.jpg\",\"contentUrl\":\"https:\/\/arkacatering.com\/wp-content\/uploads\/2024\/09\/5-Menjador-privat-scaled.jpg\"},{\"@type\":\"BreadcrumbList\",\"@id\":\"https:\/\/arkacatering.com\/es\/servicios\/comedor-privado\/#breadcrumb\",\"itemListElement\":[{\"@type\":\"ListItem\",\"position\":1,\"name\":\"Inici\",\"item\":\"https:\/\/arkacatering.com\/es\/\"},{\"@type\":\"ListItem\",\"position\":2,\"name\":\"Servicios\",\"item\":\"https:\/\/arkacatering.com\/serveis\/\"},{\"@type\":\"ListItem\",\"position\":3,\"name\":\"Comedor privado\u00a0\"}]},{\"@type\":\"WebSite\",\"@id\":\"https:\/\/arkacatering.com\/#website\",\"url\":\"https:\/\/arkacatering.com\/\",\"name\":\"Arka Catering\",\"description\":\"\",\"publisher\":{\"@id\":\"https:\/\/arkacatering.com\/#organization\"},\"potentialAction\":[{\"@type\":\"SearchAction\",\"target\":{\"@type\":\"EntryPoint\",\"urlTemplate\":\"https:\/\/arkacatering.com\/?s={search_term_string}\"},\"query-input\":{\"@type\":\"PropertyValueSpecification\",\"valueRequired\":true,\"valueName\":\"search_term_string\"}}],\"inLanguage\":\"es\"},{\"@type\":\"Organization\",\"@id\":\"https:\/\/arkacatering.com\/#organization\",\"name\":\"Arka Catering\",\"url\":\"https:\/\/arkacatering.com\/\",\"logo\":{\"@type\":\"ImageObject\",\"inLanguage\":\"es\",\"@id\":\"https:\/\/arkacatering.com\/#\/schema\/logo\/image\/\",\"url\":\"https:\/\/arkacatering.com\/wp-content\/uploads\/2024\/03\/cropped-logo.png\",\"contentUrl\":\"https:\/\/arkacatering.com\/wp-content\/uploads\/2024\/03\/cropped-logo.png\",\"width\":512,\"height\":512,\"caption\":\"Arka Catering\"},\"image\":{\"@id\":\"https:\/\/arkacatering.com\/#\/schema\/logo\/image\/\"},\"sameAs\":[\"https:\/\/www.facebook.com\/restaurantarka\",\"https:\/\/www.instagram.com\/arkaserveidecatering\/\"]}]}<\/script>\n<!-- \/ Yoast SEO plugin. -->","yoast_head_json":{"title":"Catering para Eventos en nuestro comedor privado","description":"Conoce nuestro comedor privado exclusivo con servicio de catering para eventos en Barcelona. Celebraciones \u00edntimas con gastronom\u00eda de alto nivel.","robots":{"index":"index","follow":"follow","max-snippet":"max-snippet:-1","max-image-preview":"max-image-preview:large","max-video-preview":"max-video-preview:-1"},"canonical":"https:\/\/arkacatering.com\/es\/servicios\/comedor-privado\/","og_locale":"es_ES","og_type":"article","og_title":"Catering para Eventos en nuestro comedor privado","og_description":"Conoce nuestro comedor privado exclusivo con servicio de catering para eventos en Barcelona. Celebraciones \u00edntimas con gastronom\u00eda de alto nivel.","og_url":"https:\/\/arkacatering.com\/es\/servicios\/comedor-privado\/","og_site_name":"Arka Catering","article_publisher":"https:\/\/www.facebook.com\/restaurantarka","article_modified_time":"2025-11-27T10:46:02+00:00","og_image":[{"url":"https:\/\/arkacatering.com\/wp-content\/uploads\/2024\/09\/5-Menjador-privat-scaled.jpg","type":"","width":"","height":""}],"twitter_card":"summary_large_image","twitter_misc":{"Tiempo de lectura":"1 minuto"},"schema":{"@context":"https:\/\/schema.org","@graph":[{"@type":"WebPage","@id":"https:\/\/arkacatering.com\/es\/servicios\/comedor-privado\/","url":"https:\/\/arkacatering.com\/es\/servicios\/comedor-privado\/","name":"Catering para Eventos en nuestro comedor privado","isPartOf":{"@id":"https:\/\/arkacatering.com\/#website"},"primaryImageOfPage":{"@id":"https:\/\/arkacatering.com\/es\/servicios\/comedor-privado\/#primaryimage"},"image":{"@id":"https:\/\/arkacatering.com\/es\/servicios\/comedor-privado\/#primaryimage"},"thumbnailUrl":"https:\/\/arkacatering.com\/wp-content\/uploads\/2024\/09\/5-Menjador-privat-scaled.jpg","datePublished":"2024-09-18T09:26:15+00:00","dateModified":"2025-11-27T10:46:02+00:00","description":"Conoce nuestro comedor privado exclusivo con servicio de catering para eventos en Barcelona. Celebraciones \u00edntimas con gastronom\u00eda de alto nivel.","breadcrumb":{"@id":"https:\/\/arkacatering.com\/es\/servicios\/comedor-privado\/#breadcrumb"},"inLanguage":"es","potentialAction":[{"@type":"ReadAction","target":["https:\/\/arkacatering.com\/es\/servicios\/comedor-privado\/"]}]},{"@type":"ImageObject","inLanguage":"es","@id":"https:\/\/arkacatering.com\/es\/servicios\/comedor-privado\/#primaryimage","url":"https:\/\/arkacatering.com\/wp-content\/uploads\/2024\/09\/5-Menjador-privat-scaled.jpg","contentUrl":"https:\/\/arkacatering.com\/wp-content\/uploads\/2024\/09\/5-Menjador-privat-scaled.jpg"},{"@type":"BreadcrumbList","@id":"https:\/\/arkacatering.com\/es\/servicios\/comedor-privado\/#breadcrumb","itemListElement":[{"@type":"ListItem","position":1,"name":"Inici","item":"https:\/\/arkacatering.com\/es\/"},{"@type":"ListItem","position":2,"name":"Servicios","item":"https:\/\/arkacatering.com\/serveis\/"},{"@type":"ListItem","position":3,"name":"Comedor privado\u00a0"}]},{"@type":"WebSite","@id":"https:\/\/arkacatering.com\/#website","url":"https:\/\/arkacatering.com\/","name":"Arka Catering","description":"","publisher":{"@id":"https:\/\/arkacatering.com\/#organization"},"potentialAction":[{"@type":"SearchAction","target":{"@type":"EntryPoint","urlTemplate":"https:\/\/arkacatering.com\/?s={search_term_string}"},"query-input":{"@type":"PropertyValueSpecification","valueRequired":true,"valueName":"search_term_string"}}],"inLanguage":"es"},{"@type":"Organization","@id":"https:\/\/arkacatering.com\/#organization","name":"Arka Catering","url":"https:\/\/arkacatering.com\/","logo":{"@type":"ImageObject","inLanguage":"es","@id":"https:\/\/arkacatering.com\/#\/schema\/logo\/image\/","url":"https:\/\/arkacatering.com\/wp-content\/uploads\/2024\/03\/cropped-logo.png","contentUrl":"https:\/\/arkacatering.com\/wp-content\/uploads\/2024\/03\/cropped-logo.png","width":512,"height":512,"caption":"Arka Catering"},"image":{"@id":"https:\/\/arkacatering.com\/#\/schema\/logo\/image\/"},"sameAs":["https:\/\/www.facebook.com\/restaurantarka","https:\/\/www.instagram.com\/arkaserveidecatering\/"]}]}},"_links":{"self":[{"href":"https:\/\/arkacatering.com\/es\/wp-json\/wp\/v2\/pages\/13262","targetHints":{"allow":["GET"]}}],"collection":[{"href":"https:\/\/arkacatering.com\/es\/wp-json\/wp\/v2\/pages"}],"about":[{"href":"https:\/\/arkacatering.com\/es\/wp-json\/wp\/v2\/types\/page"}],"author":[{"embeddable":true,"href":"https:\/\/arkacatering.com\/es\/wp-json\/wp\/v2\/users\/1"}],"replies":[{"embeddable":true,"href":"https:\/\/arkacatering.com\/es\/wp-json\/wp\/v2\/comments?post=13262"}],"version-history":[{"count":10,"href":"https:\/\/arkacatering.com\/es\/wp-json\/wp\/v2\/pages\/13262\/revisions"}],"predecessor-version":[{"id":14155,"href":"https:\/\/arkacatering.com\/es\/wp-json\/wp\/v2\/pages\/13262\/revisions\/14155"}],"up":[{"embeddable":true,"href":"https:\/\/arkacatering.com\/es\/wp-json\/wp\/v2\/pages\/12686"}],"wp:attachment":[{"href":"https:\/\/arkacatering.com\/es\/wp-json\/wp\/v2\/media?parent=13262"}],"curies":[{"name":"wp","href":"https:\/\/api.w.org\/{rel}","templated":true}]}}